{"id":331,"date":"2020-04-04T17:21:38","date_gmt":"2020-04-04T17:21:38","guid":{"rendered":"https:\/\/elsa-sub2.elsa-germany.org\/?page_id=331"},"modified":"2026-01-26T15:25:36","modified_gmt":"2026-01-26T14:25:36","slug":"automatisch-gespeicherter-entwurf","status":"publish","type":"page","link":"https:\/\/elsa-mainz.de\/","title":{"rendered":"Startseite"},"content":{"rendered":"<p>[et_pb_section fb_built=&#8220;1&#8243; admin_label=&#8220;Sektion&#8220; module_id=&#8220;hero-banner&#8220; module_class=&#8220;bild-text-haelfte-haelfte&#8220; _builder_version=&#8220;4.27.0&#8243; background_color=&#8220;#f3f5f9&#8243; background_image=&#8220;https:\/\/elsa-mainz.de\/wp-content\/uploads\/sites\/28\/2024\/10\/hiba-ghouich-mFHjIptEPqQ-unsplash.jpg&#8220; custom_margin=&#8220;-110px||||false|false&#8220; custom_padding=&#8220;0px||0px||false|false&#8220; locked=&#8220;off&#8220; collapsed=&#8220;on&#8220; global_colors_info=&#8220;{}&#8220;][et_pb_row make_equal=&#8220;on&#8220; _builder_version=&#8220;4.21.0&#8243; background_image=&#8220;https:\/\/elsa-mainz.de\/wp-content\/uploads\/sites\/28\/2024\/02\/Mainz2.jpg&#8220; width=&#8220;100%&#8220; max_width=&#8220;2560px&#8220; min_height=&#8220;655px&#8220; custom_margin=&#8220;-24px|auto|0px|auto|false|false&#8220; custom_padding=&#8220;0px||0px||false|false&#8220; global_colors_info=&#8220;{}&#8220;][et_pb_column type=&#8220;4_4&#8243; module_id=&#8220;hero-startseite-mobil&#8220; module_class=&#8220;dyw-vertical-align-center&#8220; _builder_version=&#8220;4.16&#8243; global_colors_info=&#8220;{}&#8220;][et_pb_divider show_divider=&#8220;off&#8220; _builder_version=&#8220;4.18.0&#8243; height=&#8220;175px&#8220; global_colors_info=&#8220;{}&#8220;][\/et_pb_divider][et_pb_divider color=&#8220;#ff7400&#8243; divider_weight=&#8220;5px&#8220; _builder_version=&#8220;4.18.0&#8243; width=&#8220;5%&#8220; width_tablet=&#8220;&#8220; width_phone=&#8220;75px&#8220; width_last_edited=&#8220;on|phone&#8220; module_alignment=&#8220;left&#8220; custom_margin=&#8220;0px||0px||false|false&#8220; custom_padding=&#8220;0px||0px|200px|false|false&#8220; custom_padding_tablet=&#8220;|||50px|false|false&#8220; custom_padding_phone=&#8220;|||20px|false|false&#8220; custom_padding_last_edited=&#8220;on|desktop&#8220; global_colors_info=&#8220;{}&#8220;][\/et_pb_divider][et_pb_text _builder_version=&#8220;4.27.0&#8243; text_font=&#8220;Lato|900|||||||&#8220; text_text_color=&#8220;#FFFFFF&#8220; header_font=&#8220;Lato|900||on|||||&#8220; header_text_color=&#8220;#ffffff&#8220; header_font_size=&#8220;47px&#8220; custom_margin=&#8220;0px||0px||false|false&#8220; custom_padding=&#8220;0px|40%|0px|200px|false|false&#8220; custom_padding_tablet=&#8220;|50px||50px|false|false&#8220; custom_padding_phone=&#8220;|20px||20px|false|false&#8220; custom_padding_last_edited=&#8220;on|desktop&#8220; animation_style=&#8220;fade&#8220; header_font_size_tablet=&#8220;40px&#8220; header_font_size_phone=&#8220;35px&#8220; header_font_size_last_edited=&#8220;on|desktop&#8220; header_line_height_tablet=&#8220;&#8220; header_line_height_phone=&#8220;1.3em&#8220; header_line_height_last_edited=&#8220;on|phone&#8220; global_colors_info=&#8220;{}&#8220;]<\/p>\n<h1 style=\"text-align: left\">ELSA-Mainz e.v.<\/h1>\n<p>[\/et_pb_text][et_pb_text _builder_version=&#8220;4.21.0&#8243; text_font=&#8220;Lato|700|||||||&#8220; text_text_color=&#8220;#ffffff&#8220; text_font_size=&#8220;20px&#8220; background_enable_color=&#8220;off&#8220; text_orientation=&#8220;left&#8220; custom_margin=&#8220;0px||||false|false&#8220; custom_margin_tablet=&#8220;&#8220; custom_margin_phone=&#8220;&#8220; custom_margin_last_edited=&#8220;on|desktop&#8220; custom_padding=&#8220;0px|40%||200px|false|false&#8220; custom_padding_tablet=&#8220;|50px||50px|false|false&#8220; custom_padding_phone=&#8220;|20px||20px|false|false&#8220; custom_padding_last_edited=&#8220;on|phone&#8220; global_colors_info=&#8220;{}&#8220;]<\/p>\n<p style=\"text-align: left\">Europaweit \u00fcber 70.000 Mitglieder<\/p>\n<p>[\/et_pb_text][et_pb_button button_url=&#8220;@ET-DC@eyJkeW5hbWljIjp0cnVlLCJjb250ZW50IjoicG9zdF9saW5rX3VybF9wYWdlIiwic2V0dGluZ3MiOnsicG9zdF9pZCI6Ijc0MSIsImVuYWJsZV9odG1sIjoib2ZmIn19@&#8220; url_new_window=&#8220;on&#8220; button_text=&#8220;Jetzt Mitglied werden!&#8220; module_class=&#8220;button-auf-slider&#8220; _builder_version=&#8220;4.27.0&#8243; _dynamic_attributes=&#8220;button_url&#8220; custom_button=&#8220;on&#8220; button_text_color=&#8220;#FFFFFF&#8220; button_bg_color=&#8220;#FF7400&#8243; button_border_color=&#8220;RGBA(255,255,255,0)&#8220; button_font=&#8220;Lato||||||||&#8220; button_icon=&#8220;&#xf303;||fa||900&#8243; background_layout=&#8220;dark&#8220; custom_margin=&#8220;|40%||200px|false|false&#8220; custom_margin_tablet=&#8220;|50px||50px|false|false&#8220; custom_margin_phone=&#8220;|20px||50px|false|false&#8220; custom_margin_last_edited=&#8220;on|phone&#8220; custom_padding=&#8220;||||false|false&#8220; custom_padding_tablet=&#8220;&#8220; custom_padding_phone=&#8220;|7px||0px|false|false&#8220; custom_padding_last_edited=&#8220;on|desktop&#8220; animation_style=&#8220;bounce&#8220; button_text_shadow_style=&#8220;preset2&#8243; box_shadow_style=&#8220;preset2&#8243; global_colors_info=&#8220;{}&#8220;][\/et_pb_button][et_pb_divider show_divider=&#8220;off&#8220; _builder_version=&#8220;4.18.0&#8243; height=&#8220;150px&#8220; global_colors_info=&#8220;{}&#8220;][\/et_pb_divider][\/et_pb_column][\/et_pb_row][\/et_pb_section][et_pb_section fb_built=&#8220;1&#8243; _builder_version=&#8220;4.21.0&#8243; background_color=&#8220;#041439&#8243; locked=&#8220;off&#8220; collapsed=&#8220;on&#8220; global_colors_info=&#8220;{}&#8220;][et_pb_row _builder_version=&#8220;4.16&#8243; global_colors_info=&#8220;{}&#8220;][et_pb_column type=&#8220;4_4&#8243; _builder_version=&#8220;4.16&#8243; global_colors_info=&#8220;{}&#8220;][et_pb_text _builder_version=&#8220;4.21.0&#8243; text_font=&#8220;Lato|700|||||||&#8220; text_text_color=&#8220;#FFFFFF&#8220; header_font=&#8220;Lato||||||||&#8220; header_2_font=&#8220;Lato|700|||||||&#8220; header_2_text_align=&#8220;center&#8220; header_2_text_color=&#8220;#FFFFFF&#8220; header_3_font=&#8220;Lato||||||||&#8220; header_4_font=&#8220;Lato||||||||&#8220; header_5_font=&#8220;Lato||||||||&#8220; header_6_font=&#8220;Lato||||||||&#8220; background_layout=&#8220;dark&#8220; custom_margin=&#8220;||0px||false|false&#8220; text_text_shadow_style=&#8220;preset2&#8243; global_colors_info=&#8220;{}&#8220;]<\/p>\n<h2 style=\"text-align: center\">Aktuelles von ELSA-Mainz e.V.<\/h2>\n<p>[\/et_pb_text][et_pb_divider color=&#8220;#ff7400&#8243; divider_weight=&#8220;5px&#8220; _builder_version=&#8220;4.16&#8243; width=&#8220;5%&#8220; width_tablet=&#8220;75px&#8220; width_phone=&#8220;75px&#8220; width_last_edited=&#8220;on|tablet&#8220; module_alignment=&#8220;center&#8220; custom_margin=&#8220;||0px||false|false&#8220; custom_padding=&#8220;||0px||false|false&#8220; global_colors_info=&#8220;{}&#8220;][\/et_pb_divider][\/et_pb_column][\/et_pb_row][et_pb_row column_structure=&#8220;1_3,1_3,1_3&#8243; _builder_version=&#8220;4.27.0&#8243; max_width=&#8220;2560px&#8220; animation_style=&#8220;zoom&#8220; global_colors_info=&#8220;{}&#8220;][et_pb_column type=&#8220;1_3&#8243; _builder_version=&#8220;4.21.0&#8243; global_colors_info=&#8220;{}&#8220;][et_pb_icon font_icon=&#8220;&#xe0c8;||divi||400&#8243; icon_color=&#8220;#FFFFFF&#8220; url=&#8220;https:\/\/www.instagram.com\/elsa_mainz\/related_profiles\/&#8220; _builder_version=&#8220;4.27.0&#8243; _module_preset=&#8220;default&#8220; animation_style=&#8220;zoom&#8220; global_colors_info=&#8220;{}&#8220;][\/et_pb_icon][et_pb_text _builder_version=&#8220;4.27.0&#8243; _module_preset=&#8220;default&#8220; min_height=&#8220;21px&#8220; custom_padding=&#8220;0px||5px|||&#8220; animation_style=&#8220;zoom&#8220; global_colors_info=&#8220;{}&#8220;]<\/p>\n<h2><span style=\"color: #ffffff\">Instagram<\/span><\/h2>\n<p>[\/et_pb_text][\/et_pb_column][et_pb_column type=&#8220;1_3&#8243; _builder_version=&#8220;4.16&#8243; global_colors_info=&#8220;{}&#8220;][et_pb_icon font_icon=&#8220;&#xe0cb;||divi||400&#8243; icon_color=&#8220;#FFFFFF&#8220; url=&#8220;https:\/\/www.linkedin.com\/company\/elsa-mainz-e-v\/posts\/?feedView=all&#8220; _builder_version=&#8220;4.27.0&#8243; _module_preset=&#8220;default&#8220; animation_style=&#8220;zoom&#8220; global_colors_info=&#8220;{}&#8220;][\/et_pb_icon][et_pb_text _builder_version=&#8220;4.27.0&#8243; _module_preset=&#8220;default&#8220; min_height=&#8220;21px&#8220; custom_padding=&#8220;0px||5px|||&#8220; animation_style=&#8220;zoom&#8220; global_colors_info=&#8220;{}&#8220;]<\/p>\n<h2><span style=\"color: #ffffff\">LinkedIn<\/span><\/h2>\n<p>[\/et_pb_text][\/et_pb_column][et_pb_column type=&#8220;1_3&#8243; _builder_version=&#8220;4.16&#8243; global_colors_info=&#8220;{}&#8220;][et_pb_icon font_icon=&#8220;&#xf0c1;||fa||900&#8243; icon_color=&#8220;#FFFFFF&#8220; url=&#8220;https:\/\/linktr.ee\/elsamainz.de?fbclid=PAZXh0bgNhZW0CMTEAAadwl-Gwp9bv2OjZUxeVdWxhKzqmJrIYlH3BvEoWm5z7lwlWrbK-57V8AfVCwA_aem_fDnQrZJ6PkHm1VGRyG4uWw&#8220; _builder_version=&#8220;4.27.0&#8243; _module_preset=&#8220;default&#8220; animation_style=&#8220;zoom&#8220; global_colors_info=&#8220;{}&#8220;][\/et_pb_icon][et_pb_text _builder_version=&#8220;4.27.0&#8243; _module_preset=&#8220;default&#8220; min_height=&#8220;21px&#8220; custom_padding=&#8220;0px||5px|||&#8220; link_option_url=&#8220;https:\/\/linktr.ee\/elsamainz.de?fbclid=PAZXh0bgNhZW0CMTEAAadwl-Gwp9bv2OjZUxeVdWxhKzqmJrIYlH3BvEoWm5z7lwlWrbK-57V8AfVCwA_aem_fDnQrZJ6PkHm1VGRyG4uWw&#8220; global_colors_info=&#8220;{}&#8220;]<\/p>\n<h2><span style=\"color: #ffffff\">Unser Linktree<\/span><\/h2>\n<p>[\/et_pb_text][\/et_pb_column][\/et_pb_row][\/et_pb_section][et_pb_section fb_built=&#8220;1&#8243; _builder_version=&#8220;4.27.0&#8243; _module_preset=&#8220;default&#8220; background_color=&#8220;#041439&#8243; global_colors_info=&#8220;{}&#8220;][et_pb_row column_structure=&#8220;2_5,3_5&#8243; _builder_version=&#8220;4.27.0&#8243; _module_preset=&#8220;default&#8220; global_colors_info=&#8220;{}&#8220;][et_pb_column type=&#8220;2_5&#8243; _builder_version=&#8220;4.27.0&#8243; _module_preset=&#8220;default&#8220; global_colors_info=&#8220;{}&#8220;][et_pb_image src=&#8220;https:\/\/elsa-mainz.de\/wp-content\/uploads\/sites\/28\/2025\/08\/Design-ohne-Titel-7.jpg&#8220; title_text=&#8220;Design ohne Titel (7)&#8220; _builder_version=&#8220;4.27.0&#8243; _module_preset=&#8220;default&#8220; animation_style=&#8220;zoom&#8220; global_colors_info=&#8220;{}&#8220;][\/et_pb_image][\/et_pb_column][et_pb_column type=&#8220;3_5&#8243; _builder_version=&#8220;4.27.0&#8243; _module_preset=&#8220;default&#8220; global_colors_info=&#8220;{}&#8220;][et_pb_text _builder_version=&#8220;4.27.0&#8243; _module_preset=&#8220;default&#8220; text_text_color=&#8220;#FFFFFF&#8220; header_text_color=&#8220;#FFFFFF&#8220; custom_margin=&#8220;||2px|||&#8220; animation_style=&#8220;slide&#8220; animation_direction=&#8220;right&#8220; global_colors_info=&#8220;{}&#8220;]<\/p>\n<h2 data-start=\"219\" data-end=\"257\" style=\"text-align: justify\"><span style=\"color: #ff7400\">Wer oder was ist ELSA-Mainz e.V.?<\/span><\/h2>\n<p>[\/et_pb_text][et_pb_text _builder_version=&#8220;4.27.0&#8243; _module_preset=&#8220;default&#8220; animation_style=&#8220;slide&#8220; animation_direction=&#8220;right&#8220; global_colors_info=&#8220;{}&#8220;]<\/p>\n<p data-start=\"259\" data-end=\"578\" style=\"text-align: justify\"><span style=\"color: #ffffff\"><strong data-start=\"259\" data-end=\"278\">ELSA-Mainz e.V.<\/strong> ist die lokale Fakult\u00e4tsgruppe der <strong data-start=\"314\" data-end=\"359\">European Law Students\u2019 Association (ELSA)<\/strong> \u2013 der gr\u00f6\u00dften Vereinigung von Jurastudierenden weltweit. Seit unserer Gr\u00fcndung 1991 bieten wir Jurastudierenden und jungen Jurist:innen vielf\u00e4ltige M\u00f6glichkeiten \u2013 von der ersten Semesterphase bis zum Berufseinstieg.<\/span><\/p>\n<h3 data-start=\"585\" data-end=\"619\" style=\"text-align: justify\"><\/h3>\n<h3 data-start=\"585\" data-end=\"619\" style=\"text-align: justify\"><span style=\"color: #ffffff\"><strong><span style=\"color: #ff7400\">Unsere T\u00e4tigkeiten und Ziele<\/span><\/strong><\/span><\/h3>\n<ul data-start=\"621\" data-end=\"1305\" style=\"text-align: justify\">\n<li data-start=\"621\" data-end=\"751\">\n<p data-start=\"623\" data-end=\"751\"><span style=\"color: #ffffff\"><span style=\"color: #ff7400\"><strong data-start=\"623\" data-end=\"654\">Juristische Veranstaltungen<\/strong>:<\/span> Organisation von Vortr\u00e4gen, Exkursionen, Besuchen bei Kanzleien, Gerichten und Institutionen.<\/span><\/p>\n<\/li>\n<li data-start=\"752\" data-end=\"916\">\n<p data-start=\"754\" data-end=\"916\"><span style=\"color: #ffffff\"><span style=\"color: #ff7400\"><strong data-start=\"754\" data-end=\"783\">Internationaler Austausch<\/strong>:<\/span> Kooperation und Austauschprojekte mit anderen ELSA-Gruppen im In- und Ausland sowie Vermittlung von Praktikumspl\u00e4tzen im Ausland.<\/span><\/p>\n<\/li>\n<li data-start=\"917\" data-end=\"1122\">\n<p data-start=\"919\" data-end=\"1122\"><span style=\"color: #ffffff\"><span style=\"color: #ff7400\"><strong data-start=\"919\" data-end=\"948\">Netzwerk &amp; Freundschaften<\/strong>: <\/span>Aufbau eines europaweiten Netzwerks, das nicht nur juristischen Austausch, sondern auch lebenslange Freundschaften \u00fcber L\u00e4nder- und Universit\u00e4tsgrenzen hinaus erm\u00f6glicht.<\/span><\/p>\n<\/li>\n<li data-start=\"1123\" data-end=\"1305\">\n<p data-start=\"1125\" data-end=\"1305\"><span style=\"color: #ffffff\"><span style=\"color: #ff7400\"><strong data-start=\"1125\" data-end=\"1154\">Soft Skills &amp; Wettbewerbe<\/strong>:<\/span> F\u00f6rderung von Schl\u00fcsselkompetenzen durch Projektarbeit, Verhandlungstrainings, Moot Courts, Verhandlungswettbewerbe und internationale Konferenzen.<\/span><\/p>\n<\/li>\n<\/ul>\n<h3 data-start=\"1125\" data-end=\"1305\" style=\"text-align: justify\"><span style=\"color: #ffffff\"><span style=\"font-size: 22px\"><\/span><span style=\"color: #ff7400\"><strong><span style=\"font-size: 22px\">Unsere Zusatzangebote in Mainz<\/span><\/strong><\/span><\/span><\/h3>\n<p data-start=\"1350\" data-end=\"1432\" style=\"text-align: justify\"><span style=\"color: #ffffff\">Neben den klassischen ELSA-Aktivit\u00e4ten bieten wir speziell an der <strong data-start=\"1416\" data-end=\"1429\">JGU Mainz<\/strong>:<\/span><\/p>\n<ul data-start=\"1434\" data-end=\"1634\">\n<li data-start=\"1434\" data-end=\"1466\" style=\"text-align: justify\">\n<p data-start=\"1436\" data-end=\"1466\"><span style=\"color: #ffffff\">Crashkurse zu allen im\u00a0 Staatsexamen relevanten Rechtsgebieten<\/span><\/p>\n<\/li>\n<li data-start=\"1467\" data-end=\"1517\" style=\"text-align: justify\">\n<p data-start=\"1469\" data-end=\"1517\"><span style=\"color: #ffffff\">Seminare zum juristischen Lernen und Schreiben<\/span><\/p>\n<\/li>\n<li data-start=\"1518\" data-end=\"1588\" style=\"text-align: justify\">\n<p data-start=\"1520\" data-end=\"1588\"><span style=\"color: #ffffff\">Einf\u00fchrung in den Gutachtenstil und das Erstellen von Hausarbeiten<\/span><\/p>\n<\/li>\n<li data-start=\"1589\" data-end=\"1634\">\n<p data-start=\"1591\" data-end=\"1634\" style=\"text-align: justify\"><span style=\"color: #ffffff\">Podiumsdiskussionen und aktuelle Debatten<\/span><\/p>\n<\/li>\n<\/ul>\n<p>[\/et_pb_text][\/et_pb_column][\/et_pb_row][\/et_pb_section]<\/p>\n","protected":false},"excerpt":{"rendered":"<p>ELSA-Mainz e.v.Europaweit \u00fcber 70.000 MitgliederAktuelles von ELSA-Mainz e.V.InstagramLinkedInUnser LinktreeWer oder was ist ELSA-Mainz e.V.?ELSA-Mainz e.V. ist die lokale Fakult\u00e4tsgruppe der European Law Students\u2019 Association (ELSA) \u2013 der gr\u00f6\u00dften Vereinigung von [&hellip;]<\/p>\n","protected":false},"author":1,"featured_media":0,"parent":0,"menu_order":0,"comment_status":"closed","ping_status":"closed","template":"","meta":{"_et_pb_use_builder":"on","_et_pb_old_content":"","_et_gb_content_width":"","footnotes":""},"class_list":["post-331","page","type-page","status-publish","hentry"],"_links":{"self":[{"href":"https:\/\/elsa-mainz.de\/index.php?rest_route=\/wp\/v2\/pages\/331","targetHints":{"allow":["GET"]}}],"collection":[{"href":"https:\/\/elsa-mainz.de\/index.php?rest_route=\/wp\/v2\/pages"}],"about":[{"href":"https:\/\/elsa-mainz.de\/index.php?rest_route=\/wp\/v2\/types\/page"}],"author":[{"embeddable":true,"href":"https:\/\/elsa-mainz.de\/index.php?rest_route=\/wp\/v2\/users\/1"}],"replies":[{"embeddable":true,"href":"https:\/\/elsa-mainz.de\/index.php?rest_route=%2Fwp%2Fv2%2Fcomments&post=331"}],"version-history":[{"count":213,"href":"https:\/\/elsa-mainz.de\/index.php?rest_route=\/wp\/v2\/pages\/331\/revisions"}],"predecessor-version":[{"id":2577,"href":"https:\/\/elsa-mainz.de\/index.php?rest_route=\/wp\/v2\/pages\/331\/revisions\/2577"}],"wp:attachment":[{"href":"https:\/\/elsa-mainz.de\/index.php?rest_route=%2Fwp%2Fv2%2Fmedia&parent=331"}],"curies":[{"name":"wp","href":"https:\/\/api.w.org\/{rel}","templated":true}]}}