{"id":702,"date":"2020-04-25T12:27:42","date_gmt":"2020-04-25T10:27:42","guid":{"rendered":"https:\/\/elsa-sub2.elsa-germany.org\/?page_id=702"},"modified":"2025-08-22T19:53:15","modified_gmt":"2025-08-22T17:53:15","slug":"kontakt","status":"publish","type":"page","link":"https:\/\/elsa-mainz.de\/?page_id=702","title":{"rendered":"Kontakt"},"content":{"rendered":"<p>[et_pb_section fb_built=&#8220;1&#8243; _builder_version=&#8220;4.27.0&#8243; _module_preset=&#8220;default&#8220; hover_enabled=&#8220;0&#8243; global_colors_info=&#8220;{}&#8220; background_color=&#8220;#041439&#8243; sticky_enabled=&#8220;0&#8243; min_height=&#8220;347px&#8220;][et_pb_row _builder_version=&#8220;4.27.0&#8243; _module_preset=&#8220;default&#8220; locked=&#8220;off&#8220; global_colors_info=&#8220;{}&#8220;][et_pb_column type=&#8220;4_4&#8243; _builder_version=&#8220;4.27.0&#8243; _module_preset=&#8220;default&#8220; global_colors_info=&#8220;{}&#8220;][et_pb_text _builder_version=&#8220;4.27.0&#8243; _module_preset=&#8220;default&#8220; text_font=&#8220;|||on|||||&#8220; text_font_size=&#8220;25px&#8220; custom_margin=&#8220;||4px|||&#8220; hover_enabled=&#8220;0&#8243; global_colors_info=&#8220;{}&#8220; sticky_enabled=&#8220;0&#8243;]<\/p>\n<h1><strong><span style=\"color: #ffffff;font-size: xx-large\">Kontakt<\/span><\/strong><\/h1>\n<p>[\/et_pb_text][et_pb_divider color=&#8220;#ff7400&#8243; divider_weight=&#8220;5px&#8220; _builder_version=&#8220;4.18.0&#8243; width=&#8220;5%&#8220; width_tablet=&#8220;&#8220; width_phone=&#8220;75px&#8220; width_last_edited=&#8220;on|phone&#8220; module_alignment=&#8220;center&#8220; custom_margin=&#8220;0px||||false|false&#8220; custom_padding=&#8220;0px||||false|false&#8220; locked=&#8220;off&#8220; global_colors_info=&#8220;{}&#8220;][\/et_pb_divider][\/et_pb_column][\/et_pb_row][\/et_pb_section][et_pb_section fb_built=&#8220;1&#8243; _builder_version=&#8220;4.27.0&#8243; _module_preset=&#8220;default&#8220; hover_enabled=&#8220;0&#8243; global_colors_info=&#8220;{}&#8220; background_color=&#8220;#041439&#8243; sticky_enabled=&#8220;0&#8243;][et_pb_row _builder_version=&#8220;4.27.0&#8243; _module_preset=&#8220;default&#8220; hover_enabled=&#8220;0&#8243; global_colors_info=&#8220;{}&#8220; sticky_enabled=&#8220;0&#8243; custom_margin=&#8220;-73px|auto||auto||&#8220; custom_padding=&#8220;30px|||||&#8220; animation_style=&#8220;slide&#8220;][et_pb_column type=&#8220;4_4&#8243; _builder_version=&#8220;4.27.0&#8243; _module_preset=&#8220;default&#8220; global_colors_info=&#8220;{}&#8220;][et_pb_text _builder_version=&#8220;4.27.0&#8243; _module_preset=&#8220;default&#8220; hover_enabled=&#8220;0&#8243; sticky_enabled=&#8220;0&#8243; inline_fonts=&#8220;Abhaya Libre&#8220;]<\/p>\n<h2><span style=\"color: #ff6600\">Pr\u00e4sident<\/span><\/h2>\n<p><span style=\"color: #ffffff\">Burak Ceylan<\/span><br \/><span style=\"color: #ffffff\"><a href=\"mailto:president@elsa-mainz.de\" style=\"color: #ffffff\">president@elsa-mainz.de<\/a><\/span><\/p>\n<p style=\"text-align: justify\"><span style=\"color: #ff7400\"><\/span><\/p>\n<p style=\"text-align: justify\"><span style=\"color: #ff7400\"><\/span><\/p>\n<p><span style=\"color: #ff7400\"><\/span><\/p>\n<h2><span style=\"color: #ff7400\">Vizepr\u00e4sident (f\u00fcr Anliegen zur Mitgliedschaft und Bescheinigungen)<\/span><br \/><span style=\"color: #ffffff\"><\/span><\/h2>\n<p><span style=\"color: #ffffff\">Sebastian Toar Maesel<\/span><br \/><span style=\"color: #ffffff\"><a href=\"mailto:secgen@elsa-mainz.de\" style=\"color: #ffffff\">secgen@elsa-mainz.de<\/a><\/span><\/p>\n<p style=\"text-align: justify\"><span style=\"color: #ffffff\"><\/span><\/p>\n<p style=\"text-align: justify\"><span style=\"color: #ffffff\"><\/span><\/p>\n<h2><span style=\"color: #ff6600\">Sonstige Anliegen<\/span><br \/><span style=\"color: #ffffff\"><a href=\"mailto:info@elsa-mainz.de\" style=\"color: #ffffff\"><\/a><\/span><\/h2>\n<p><span style=\"color: #ffffff\"><a href=\"mailto:info@elsa-mainz.de\" style=\"color: #ffffff\">info@elsa-mainz.de<\/a><\/span><\/p>\n<p style=\"text-align: justify\">\n<p>[\/et_pb_text][\/et_pb_column][\/et_pb_row][\/et_pb_section]<\/p>\n","protected":false},"excerpt":{"rendered":"<p>KontaktPr\u00e4sident Burak Ceylanpresident@elsa-mainz.de Vizepr\u00e4sident (f\u00fcr Anliegen zur Mitgliedschaft und Bescheinigungen) Sebastian Toar Maeselsecgen@elsa-mainz.de Sonstige Anliegen info@elsa-mainz.de<\/p>\n","protected":false},"author":1,"featured_media":0,"parent":0,"menu_order":0,"comment_status":"closed","ping_status":"closed","template":"","meta":{"_et_pb_use_builder":"on","_et_pb_old_content":"","_et_gb_content_width":"","footnotes":""},"class_list":["post-702","page","type-page","status-publish","hentry"],"_links":{"self":[{"href":"https:\/\/elsa-mainz.de\/index.php?rest_route=\/wp\/v2\/pages\/702","targetHints":{"allow":["GET"]}}],"collection":[{"href":"https:\/\/elsa-mainz.de\/index.php?rest_route=\/wp\/v2\/pages"}],"about":[{"href":"https:\/\/elsa-mainz.de\/index.php?rest_route=\/wp\/v2\/types\/page"}],"author":[{"embeddable":true,"href":"https:\/\/elsa-mainz.de\/index.php?rest_route=\/wp\/v2\/users\/1"}],"replies":[{"embeddable":true,"href":"https:\/\/elsa-mainz.de\/index.php?rest_route=%2Fwp%2Fv2%2Fcomments&post=702"}],"version-history":[{"count":26,"href":"https:\/\/elsa-mainz.de\/index.php?rest_route=\/wp\/v2\/pages\/702\/revisions"}],"predecessor-version":[{"id":2491,"href":"https:\/\/elsa-mainz.de\/index.php?rest_route=\/wp\/v2\/pages\/702\/revisions\/2491"}],"wp:attachment":[{"href":"https:\/\/elsa-mainz.de\/index.php?rest_route=%2Fwp%2Fv2%2Fmedia&parent=702"}],"curies":[{"name":"wp","href":"https:\/\/api.w.org\/{rel}","templated":true}]}}