{"id":751,"date":"2020-04-25T13:21:44","date_gmt":"2020-04-25T11:21:44","guid":{"rendered":"https:\/\/elsa-sub2.elsa-germany.org\/?page_id=751"},"modified":"2025-08-22T18:55:56","modified_gmt":"2025-08-22T16:55:56","slug":"geschichte","status":"publish","type":"page","link":"https:\/\/elsa-mainz.de\/?page_id=751","title":{"rendered":"Geschichte"},"content":{"rendered":"<p>[et_pb_section fb_built=&#8220;1&#8243; _builder_version=&#8220;4.27.0&#8243; _module_preset=&#8220;default&#8220; background_color=&#8220;#041439&#8243; global_colors_info=&#8220;{}&#8220;][et_pb_row _builder_version=&#8220;4.21.0&#8243; _module_preset=&#8220;default&#8220; custom_padding=&#8220;||0px|||&#8220; global_colors_info=&#8220;{}&#8220;][et_pb_column type=&#8220;4_4&#8243; _builder_version=&#8220;4.21.0&#8243; _module_preset=&#8220;default&#8220; global_colors_info=&#8220;{}&#8220;][et_pb_text _builder_version=&#8220;4.27.0&#8243; _module_preset=&#8220;default&#8220; custom_margin=&#8220;||-7px|||&#8220; custom_padding=&#8220;||0px|||&#8220; global_colors_info=&#8220;{}&#8220;]<\/p>\n<h2 style=\"text-align: center\"><span style=\"color: #ffffff;font-size: xx-large\">Unsere Geschichte<\/span><\/h2>\n<p>&nbsp;<\/p>\n<p>[\/et_pb_text][et_pb_divider color=&#8220;#ff7400&#8243; divider_weight=&#8220;5px&#8220; _builder_version=&#8220;4.18.0&#8243; width=&#8220;5%&#8220; width_tablet=&#8220;&#8220; width_phone=&#8220;75px&#8220; width_last_edited=&#8220;on|phone&#8220; module_alignment=&#8220;center&#8220; custom_margin=&#8220;0px||||false|false&#8220; custom_padding=&#8220;0px||||false|false&#8220; locked=&#8220;off&#8220; global_colors_info=&#8220;{}&#8220;][\/et_pb_divider][\/et_pb_column][\/et_pb_row][\/et_pb_section][et_pb_section fb_built=&#8220;1&#8243; _builder_version=&#8220;4.27.0&#8243; _module_preset=&#8220;default&#8220; background_color=&#8220;#041439&#8243; background_enable_image=&#8220;off&#8220; custom_padding=&#8220;0px|||||&#8220; global_colors_info=&#8220;{}&#8220;][et_pb_row _builder_version=&#8220;4.27.0&#8243; _module_preset=&#8220;default&#8220; animation_style=&#8220;fade&#8220; global_colors_info=&#8220;{}&#8220;][et_pb_column type=&#8220;4_4&#8243; _builder_version=&#8220;4.16&#8243; _module_preset=&#8220;default&#8220; global_colors_info=&#8220;{}&#8220;][et_pb_text admin_label=&#8220;Text&#8220; _builder_version=&#8220;4.27.0&#8243; _module_preset=&#8220;default&#8220; text_font=&#8220;||||||||&#8220; text_text_color=&#8220;#FFFFFF&#8220; text_font_size=&#8220;20px&#8220; text_line_height=&#8220;1.6em&#8220; header_text_color=&#8220;#FFFFFF&#8220; global_colors_info=&#8220;{}&#8220;]<\/p>\n<p class=\"align-justify\" style=\"text-align: justify\"><span style=\"color: #ffffff\">Gegr\u00fcndet wurde ELSA am 4. Mai 1981 in Wien von Jurastudenten aus \u00d6sterreich, Polen, Ungarn und der Bundesrepublik Deutschland. Von da an entwickelten sich die unterschiedlichen nationalen Gruppen. Schon zuvor, am 18. Januar 1981, gr\u00fcndete sich in Bayreuth ELSA Deutschland mit 17 Mitgliedern. Dieser Verein wurde in Berlin eingetragen und existiert formal auch heute noch, wobei seit 1983 keine Treffen o.\u00e4. stattgefunden haben und auch von dem zuletzt eingetragenen Vorstand nur noch eine Person ausfindig zu machen war. Nach dessen \u00c4u\u00dferungen hatte der Verein damals einen sehr famili\u00e4ren Charakter. Eine Gruppe von ca. 20 Studenten interessierten sich f\u00fcr die &#8222;Internationalit\u00e4t&#8220; im Jurastudium und man organisierte mal Vortr\u00e4ge oder auch mal ein Seminar, was dann deutschlandweit ausgeschrieben wurde, aber nicht auf besonderes Interesse stie\u00df. Ob sich in Deutschland zu dem Zeitpunkt schon Fakult\u00e4tsgruppen entwickelt haben, l\u00e4sst sich leider nicht mehr rekonstruieren. Am 9. Juli 1984 schreibt der damals neugew\u00e4hlte Vorsitzende an das Vereinsgericht, dass die Wahlen im Juli 1983 nicht satzungsgem\u00e4\u00df verliefen, und er die Meldung des neuen Vorstands zur\u00fccknimmt. Somit wurde kein neuer Vorstand eingetragen, eine neue Wahl fand wohl niemals statt, der alte Vorstand f\u00fchlte sich nicht mehr zust\u00e4ndig oder war gar nicht mehr in Berlin, ELSA schlief ein. Ger\u00fcchte, dass zuletzt auch politische Einflussnahme oder Finanzunregelm\u00e4\u00dfigkeiten zum Einschlafen der Aktivit\u00e4ten f\u00fchrten, konnten niemals nachgewiesen werden. Auf internationaler Ebene entwickelte sich ELSA aber kontinuierlich. Es gab zun\u00e4chst zwar wohl meist nur eine Gruppe pro Land, aber es gab verschiedene nationale Gruppen. Im M\u00e4rz 1988 existierten bereits 15 nationale Vertretungen: \u00d6sterreich, Polen, Ungarn, also die drei Mitgr\u00fcnderl\u00e4nder, dann alle vier skandinavischen L\u00e4nder, Island, England, die Niederlande, Belgien, sowie Italien, Portugal, Malta und Jugoslawien.<\/span><\/p>\n<p>[\/et_pb_text][\/et_pb_column][\/et_pb_row][et_pb_row _builder_version=&#8220;4.16&#8243; _module_preset=&#8220;default&#8220; global_colors_info=&#8220;{}&#8220;][et_pb_column type=&#8220;4_4&#8243; _builder_version=&#8220;4.16&#8243; _module_preset=&#8220;default&#8220; global_colors_info=&#8220;{}&#8220;][et_pb_text admin_label=&#8220;Text&#8220; _builder_version=&#8220;4.27.0&#8243; header_text_color=&#8220;#FF7400&#8243; header_2_text_color=&#8220;#0a3087&#8243; custom_margin=&#8220;||0px||false|false&#8220; custom_padding=&#8220;||0px||false|false&#8220; global_colors_info=&#8220;{}&#8220;]<\/p>\n<h2 style=\"text-align: center\"><span style=\"color: #ff7400\">Anf\u00e4nge in und durch Wien<\/span><\/h2>\n<p>[\/et_pb_text][et_pb_text _builder_version=&#8220;4.16&#8243; _module_preset=&#8220;default&#8220; global_colors_info=&#8220;{}&#8220;][\/et_pb_text][et_pb_text _builder_version=&#8220;4.27.0&#8243; _module_preset=&#8220;default&#8220; text_font_size=&#8220;20px&#8220; text_line_height=&#8220;1.6em&#8220; animation_style=&#8220;fade&#8220; global_colors_info=&#8220;{}&#8220;]<\/p>\n<p class=\"align-justify\" style=\"text-align: justify\"><span style=\"color: #ffffff\">ELSA schlummerte, bis 1986 ein Jurastudent aus Heidelberg in Wien V\u00f6lkerrecht studierte und dabei mit ELSA in Ber\u00fchrung kam. In Deutschland zur\u00fcck, suchte er sich \u00fcber einen Aushang am Schwarzen Brett sieben Studenten zusammen, um eine deutsche Sektion ins Leben zu rufen. Das anf\u00e4ngliche Interesse der Kommilitonen war sehr gering. Aber die Professorenschaft hatte aufgehorcht: Bei seiner Vorlesung schw\u00e4rmte ein bekannter Heidelberger Professor vor 100 Zuh\u00f6rern von der Idee und der Arbeit von ELSA. ELSA-Heidelberg konnte dadurch die Anzahl der Mitglieder auf 15 Leute verdoppeln. Durch Veranstaltungen wie Studienfahrten und Vortr\u00e4ge versuchten die Heidelberger weiterhin, das Interesse vor Ort zu steigern, jedoch ohne bahnbrechenden Erfolg. ELSA glich in dieser Zeit eher einer Freundesclique.<\/span><\/p>\n<p>&nbsp;<\/p>\n<p>[\/et_pb_text][\/et_pb_column][\/et_pb_row][et_pb_row _builder_version=&#8220;4.16&#8243; _module_preset=&#8220;default&#8220; global_colors_info=&#8220;{}&#8220;][et_pb_column type=&#8220;4_4&#8243; _builder_version=&#8220;4.16&#8243; _module_preset=&#8220;default&#8220; global_colors_info=&#8220;{}&#8220;][et_pb_text admin_label=&#8220;Text&#8220; _builder_version=&#8220;4.21.0&#8243; header_2_text_color=&#8220;#0a3087&#8243; custom_margin=&#8220;||0px||false|false&#8220; custom_padding=&#8220;||0px||false|false&#8220; global_colors_info=&#8220;{}&#8220;]<\/p>\n<h2 style=\"text-align: center\"><span style=\"color: #ff7400\">Durchbruch in Deutschland, Gr\u00fcndung von ELSA-BR Deutschland e.V.<\/span><\/h2>\n<p>[\/et_pb_text][et_pb_text _builder_version=&#8220;4.16&#8243; _module_preset=&#8220;default&#8220; global_colors_info=&#8220;{}&#8220;][\/et_pb_text][et_pb_text _builder_version=&#8220;4.27.0&#8243; _module_preset=&#8220;default&#8220; text_font_size=&#8220;20px&#8220; text_line_height=&#8220;1.6em&#8220; animation_style=&#8220;fade&#8220; global_colors_info=&#8220;{}&#8220;]<\/p>\n<p class=\"align-justify\" style=\"text-align: justify\"><span style=\"color: #ffffff\">Im Januar 1989 wurde ein Artikel in einer gro\u00dfen juristischen Zeitung ver\u00f6ffentlicht, in dem die Heidelberger eine kostenlose Informationsveranstaltung \u00fcber ELSA ank\u00fcndigten. Sie hatten mit m\u00e4\u00dfigem Interesse gerechnet und waren pl\u00f6tzlich mit 120 Teilnehmern aus ganz Deutschland konfrontiert. Dabei stellte sich heraus, dass auch in Bonn und K\u00f6ln bereits ELSA-Gruppen existierten, von denen allerdings im Vorfeld keiner wusste und deren Satzungen auch nicht mit der von ELSA International kompatibel waren. Weiterhin war f\u00fcr dieses Treffen eine Satzung f\u00fcr ELSA-BR Deutschland vorbereitet, die jedoch wegen der sich entspinnenden Diskussion nicht in Kraft gesetzt wurde. Dieses verz\u00f6gerte die Gr\u00fcndung um ein halbes Jahr. Auf dem ICM in Lissabon im April 1989 \u00fcbernahmen die Vertreter von Deutschland die Ausrichtung des \u00fcbern\u00e4chsten Council Meetings. Zu diesem Zeitpunkt hatten sich in Deutschland bereits 14 ELSA-Fakult\u00e4tsgruppen gegr\u00fcndet. Die Arbeit an diesem ersten deutschen Gro\u00dfprojekt schwei\u00dfte die ELSAner sehr zusammen, so dass dann auf der ersten Generalversammlung am 1.\/2. Juli 1989 in M\u00fcnster die Satzung verabschiedet und ELSA-BR Deutschland gegr\u00fcndet wurde, obwohl die Finanzierung und die Struktur, die ELSA-BR Deutschland bekommen sollte, noch hei\u00df umk\u00e4mpft waren. Heidelberg stellte aufgrund der Erfahrung in der aktiven ELSA-Arbeit die \u00fcberwiegende Mehrheit des ersten Bundesvorstandes.<\/span><\/p>\n<p>&nbsp;<\/p>\n<p>&nbsp;<\/p>\n<p>[\/et_pb_text][\/et_pb_column][\/et_pb_row][\/et_pb_section]<\/p>\n","protected":false},"excerpt":{"rendered":"<p>Unsere Geschichte &nbsp;Gegr\u00fcndet wurde ELSA am 4. Mai 1981 in Wien von Jurastudenten aus \u00d6sterreich, Polen, Ungarn und der Bundesrepublik Deutschland. Von da an entwickelten sich die unterschiedlichen nationalen Gruppen. [&hellip;]<\/p>\n","protected":false},"author":1,"featured_media":0,"parent":743,"menu_order":0,"comment_status":"closed","ping_status":"closed","template":"","meta":{"_et_pb_use_builder":"on","_et_pb_old_content":"","_et_gb_content_width":"","footnotes":""},"class_list":["post-751","page","type-page","status-publish","hentry"],"_links":{"self":[{"href":"https:\/\/elsa-mainz.de\/index.php?rest_route=\/wp\/v2\/pages\/751","targetHints":{"allow":["GET"]}}],"collection":[{"href":"https:\/\/elsa-mainz.de\/index.php?rest_route=\/wp\/v2\/pages"}],"about":[{"href":"https:\/\/elsa-mainz.de\/index.php?rest_route=\/wp\/v2\/types\/page"}],"author":[{"embeddable":true,"href":"https:\/\/elsa-mainz.de\/index.php?rest_route=\/wp\/v2\/users\/1"}],"replies":[{"embeddable":true,"href":"https:\/\/elsa-mainz.de\/index.php?rest_route=%2Fwp%2Fv2%2Fcomments&post=751"}],"version-history":[{"count":8,"href":"https:\/\/elsa-mainz.de\/index.php?rest_route=\/wp\/v2\/pages\/751\/revisions"}],"predecessor-version":[{"id":2478,"href":"https:\/\/elsa-mainz.de\/index.php?rest_route=\/wp\/v2\/pages\/751\/revisions\/2478"}],"up":[{"embeddable":true,"href":"https:\/\/elsa-mainz.de\/index.php?rest_route=\/wp\/v2\/pages\/743"}],"wp:attachment":[{"href":"https:\/\/elsa-mainz.de\/index.php?rest_route=%2Fwp%2Fv2%2Fmedia&parent=751"}],"curies":[{"name":"wp","href":"https:\/\/api.w.org\/{rel}","templated":true}]}}