{"id":755,"date":"2020-04-25T13:22:24","date_gmt":"2020-04-25T11:22:24","guid":{"rendered":"https:\/\/elsa-sub2.elsa-germany.org\/?page_id=755"},"modified":"2025-08-22T22:17:34","modified_gmt":"2025-08-22T20:17:34","slug":"faq","status":"publish","type":"page","link":"https:\/\/elsa-mainz.de\/?page_id=755","title":{"rendered":"FAQ"},"content":{"rendered":"<p>[et_pb_section fb_built=&#8220;1&#8243; _builder_version=&#8220;4.27.0&#8243; background_color=&#8220;#041439&#8243; global_colors_info=&#8220;{}&#8220;][et_pb_row _builder_version=&#8220;4.16&#8243; global_colors_info=&#8220;{}&#8220;][et_pb_column type=&#8220;4_4&#8243; _builder_version=&#8220;4.16&#8243; global_colors_info=&#8220;{}&#8220;][et_pb_text _builder_version=&#8220;4.27.0&#8243; header_2_text_color=&#8220;#0a3087&#8243; custom_margin=&#8220;||0px||false|false&#8220; custom_padding=&#8220;||0px||false|false&#8220; global_colors_info=&#8220;{}&#8220;]<\/p>\n<h2 style=\"text-align: center\"><span style=\"color: #ffffff\">Frequently Asked Questions<\/span><\/h2>\n<p>[\/et_pb_text][et_pb_divider color=&#8220;#ff7400&#8243; divider_weight=&#8220;5px&#8220; _builder_version=&#8220;4.16&#8243; width=&#8220;5%&#8220; module_alignment=&#8220;center&#8220; custom_margin=&#8220;0px||10px||false|false&#8220; custom_padding=&#8220;0px||||false|false&#8220; global_colors_info=&#8220;{}&#8220;][\/et_pb_divider][et_pb_text admin_label=&#8220;Text&#8220; _builder_version=&#8220;4.21.0&#8243; text_font=&#8220;Lato|300|||||||&#8220; text_text_color=&#8220;#1b1b1b&#8220; text_font_size=&#8220;20px&#8220; text_line_height=&#8220;1.68em&#8220; custom_padding=&#8220;|26px||18px|false|false&#8220; global_colors_info=&#8220;{}&#8220;]<\/p>\n<p style=\"text-align: center\">Hier siehst du eine \u00dcbersicht der g\u00e4ngisten Fragen rund um ELSA.<\/p>\n<p>[\/et_pb_text][et_pb_accordion open_toggle_text_color=&#8220;#0a3087&#8243; open_toggle_background_color=&#8220;#ffffff&#8220; closed_toggle_text_color=&#8220;#0a3087&#8243; closed_toggle_background_color=&#8220;#f3f5f9&#8243; icon_color=&#8220;#0a3087&#8243; _builder_version=&#8220;4.27.0&#8243; toggle_text_color=&#8220;#0a3087&#8243; animation_style=&#8220;flip&#8220; hover_enabled=&#8220;0&#8243; global_colors_info=&#8220;{}&#8220; sticky_enabled=&#8220;0&#8243;][et_pb_accordion_item title=&#8220;Was ist jetzt ELSA nochmal?&#8220; open=&#8220;on&#8220; _builder_version=&#8220;4.16&#8243; global_colors_info=&#8220;{}&#8220;]<\/p>\n<p>ELSA ist die European Law Students&#8216; Association. Mit mehr als 50.000 Mitgliedern und \u00fcber 260 Standorten ist sie die gr\u00f6\u00dfte Vereinigung von Jurastudierenden der Welt. In Deutschland gibt es rund 11.500 Mitglieder, verteilt an 43 Standorten. ELSA organisiert lokal, national aber auch international Veranstaltungen und bringt die Praxis in dein Studium. Egal ob akademische Veranstaltungen, Kanzleibesuche oder auch Fahrten ins Ausland &#8211; ELSA bringt dich weiter.<\/p>\n<p>[\/et_pb_accordion_item][et_pb_accordion_item title=&#8220;Wie kann ich Mitglied bei ELSA werden?&#8220; _builder_version=&#8220;4.16&#8243; global_colors_info=&#8220;{}&#8220; open=&#8220;off&#8220;]<\/p>\n<div id=\"panel-15684-1\" class=\"panel-collapse collapse in\">\n<div class=\"panel-body\">\n<div id=\"c2534\" class=\"\">\n<div class=\"ce-textpic ce-center ce-above\">\n<div class=\"ce-bodytext\">\n<p style=\"text-align: left\">Mitglied bei ELSA-Mainz e.V. kannst du ganz einfach per Mitgliedsbescheinigung werden.<br \/>Die ausgef\u00fcllte Mitgliedsbescheinigung per E-Mail an info@elsa-mainz.de schicken.<\/p>\n<p style=\"text-align: left\">Die Bescheinigung findest du hier:<br \/><a href=\"https:\/\/elsa-mainz.de\/?page_id=741\">DU bei ELSA<\/a><\/p>\n<p>&nbsp;<\/p>\n<\/div>\n<\/div>\n<\/div>\n<\/div>\n<\/div>\n<p>[\/et_pb_accordion_item][et_pb_accordion_item title=&#8220;Wie erreiche ich die ELSA-Gruppe an meiner Universit\u00e4t?&#8220; _builder_version=&#8220;4.16&#8243; global_colors_info=&#8220;{}&#8220; open=&#8220;off&#8220;]<\/p>\n<p>Du erreichst uns ganz einfach per E-Mail oder auch auf unseren Sozialen Netzwerken.<\/p>\n<p>Mehr dazu hier:<br \/><a href=\"https:\/\/elsa-mainz.de\/?page_id=702\">Kontakt<\/a><\/p>\n<p>[\/et_pb_accordion_item][et_pb_accordion_item title=&#8220;Welche Vorteile erhalte ich als Mitglied von ELSA-Mainz e.V.?&#8220; _builder_version=&#8220;4.16&#8243; _module_preset=&#8220;default&#8220; global_colors_info=&#8220;{}&#8220; open=&#8220;off&#8220;]<\/p>\n<p>Als Mitglied erhaltest du viele verschieden Vorteile:<\/p>\n<p>&#8211; 10 % Kursrabatt auf das Repetitorium von JI Mainz<br \/>&#8211; 10 Euro monatlichen Kursrabatt auf das Repetitorium von Hemmer Mainz<br \/>&#8211; 50 % Erm\u00e4\u00dfigung auf alle Pakete von Jura Online<br \/>&#8211; beg\u00fcnstigte Teilnahme an ELSA-Veranstaltungen<\/p>\n<p>[\/et_pb_accordion_item][et_pb_accordion_item title=&#8220;Wie kann ich an Veranstaltungen teilnehmen?&#8220; _builder_version=&#8220;4.16&#8243; global_colors_info=&#8220;{}&#8220; open=&#8220;off&#8220;]<\/p>\n<p>Die meisten Veranstaltungen werden von unseren Fakult\u00e4tsgruppen vor Ort organisiert. Um dich f\u00fcr diese Veranstaltungen anzumelden, reicht teilweise eine formlose E-Mail an den Veranstalter oder ihr f\u00fcllt ein daf\u00fcr vorgesehens Anmeldeformular auf der jeweiligen Internetseite aus. Falls ihr Fragen bez\u00fcglich einer Veranstaltung habt, k\u00f6nnt ihr euch gerne jederzeit an die ausrichtende Fakult\u00e4tsgruppe richten.<\/p>\n<p>Eine \u00dcbersicht \u00fcber unsere Projekte findest du <i class=\"fa\"><\/i><a href=\"https:\/\/elsa-sub2.elsa-germany.org\/unsere-projekte\">hier<\/a>.<\/p>\n<p>[\/et_pb_accordion_item][et_pb_accordion_item title=&#8220;Was bedeuten die Bezeichnungen President, Secretary General und Treasurer?&#8220; _builder_version=&#8220;4.27.0&#8243; hover_enabled=&#8220;0&#8243; global_colors_info=&#8220;{}&#8220; open=&#8220;off&#8220; sticky_enabled=&#8220;0&#8243;]<\/p>\n<p style=\"text-align: justify\">ELSA ist ein Verein, der in 44 europ\u00e4ischen L\u00e4ndern aktiv ist. Damit die aktiven als auch die passiven Mitglieder einen \u00dcberblick behalten, sind die Postenbezeichnungen \u00fcberall gleich. Da wir international t\u00e4tig sind, stammen die Vorstandspostennamen aus dem Englischen. Jede ELSA-Gruppe hat einen President (= 1. Vorsitzender), einen Secretary General (= 2. Vorsitzender) und einen Treasurer (= Vorstand f\u00fcr Finanzen). Neben diesen drei Positionen gibt es noch weitere Vorstandsposten, auch diese haben englische Bezeichnungen. Du wirst aufgrund unserer Internationalit\u00e4t noch auf viele weitere englische Begriffe treffen.<\/p>\n<p>[\/et_pb_accordion_item][et_pb_accordion_item title=&#8220;Was ist STEP? Und muss ich f\u00fcr ein STEP Praktikum ELSA-Mitglied sein?&#8220; _builder_version=&#8220;4.27.0&#8243; hover_enabled=&#8220;0&#8243; global_colors_info=&#8220;{}&#8220; open=&#8220;off&#8220; sticky_enabled=&#8220;0&#8243;]<\/p>\n<p style=\"text-align: justify\">STEP steht f\u00fcr Student Trainee Exchange Programme und ist das Praktikantenaustauschprogramm von ELSA. Um dich f\u00fcr ein STEP Praktikum im Ausland bewerben zu k\u00f6nnen, musst du Mitglied bei ELSA sein. Du m\u00f6chtest Auslandserfahrungen sammeln? Spannende Praktika in ganz Europa absolvieren? Die Fakult\u00e4tsgruppe deiner Uni wird dir sicher gerne bei der Bewerbung helfen.<\/p>\n<p style=\"text-align: justify\">Einen \u00dcberblick, was unsere bezahlten Praktika im Ausland alles zu bieten haben findest du <i class=\"fa\"><\/i><a href=\"https:\/\/elsa-sub2.elsa-germany.org\/projekt\/auslandspraktika-step\/\">hier<\/a>.<\/p>\n<p>[\/et_pb_accordion_item][et_pb_accordion_item title=&#8220;Wie kann ich meine Mitgliedschaft k\u00fcndigen?&#8220; _builder_version=&#8220;4.27.0&#8243; hover_enabled=&#8220;0&#8243; global_colors_info=&#8220;{}&#8220; open=&#8220;off&#8220; sticky_enabled=&#8220;0&#8243;]<\/p>\n<p style=\"text-align: justify\">Der Austritt ist dem Pr\u00e4sidium schriftlich iSd \u00a7 126 BGB zu erkl\u00e4ren, wobei die Handynummer<br \/>anzugeben ist, mit der das Mitglied in der WhatsApp-Community angemeldet ist. Es gilt eine<br \/>K\u00fcndigungsfrist von zwei Wochen vor Semesterende. Bei K\u00fcndigung eines Erstsemesters gilt<br \/>ausnahmsweise der Stichtag, in allen anderen F\u00e4llen endet die Mitgliedschaft zum Ende des<br \/>Semesters, in dem die K\u00fcndigung wirksam wurde. (Siehe Satzung \u00a7 6 Abs. 2)<\/p>\n<p>[\/et_pb_accordion_item][\/et_pb_accordion][\/et_pb_column][\/et_pb_row][\/et_pb_section]<\/p>\n","protected":false},"excerpt":{"rendered":"<p>Frequently Asked QuestionsHier siehst du eine \u00dcbersicht der g\u00e4ngisten Fragen rund um ELSA.ELSA ist die European Law Students&#8216; Association. Mit mehr als 50.000 Mitgliedern und \u00fcber 260 Standorten ist sie [&hellip;]<\/p>\n","protected":false},"author":1,"featured_media":0,"parent":743,"menu_order":0,"comment_status":"closed","ping_status":"closed","template":"","meta":{"_et_pb_use_builder":"on","_et_pb_old_content":"","_et_gb_content_width":"","footnotes":""},"class_list":["post-755","page","type-page","status-publish","hentry"],"_links":{"self":[{"href":"https:\/\/elsa-mainz.de\/index.php?rest_route=\/wp\/v2\/pages\/755","targetHints":{"allow":["GET"]}}],"collection":[{"href":"https:\/\/elsa-mainz.de\/index.php?rest_route=\/wp\/v2\/pages"}],"about":[{"href":"https:\/\/elsa-mainz.de\/index.php?rest_route=\/wp\/v2\/types\/page"}],"author":[{"embeddable":true,"href":"https:\/\/elsa-mainz.de\/index.php?rest_route=\/wp\/v2\/users\/1"}],"replies":[{"embeddable":true,"href":"https:\/\/elsa-mainz.de\/index.php?rest_route=%2Fwp%2Fv2%2Fcomments&post=755"}],"version-history":[{"count":22,"href":"https:\/\/elsa-mainz.de\/index.php?rest_route=\/wp\/v2\/pages\/755\/revisions"}],"predecessor-version":[{"id":2519,"href":"https:\/\/elsa-mainz.de\/index.php?rest_route=\/wp\/v2\/pages\/755\/revisions\/2519"}],"up":[{"embeddable":true,"href":"https:\/\/elsa-mainz.de\/index.php?rest_route=\/wp\/v2\/pages\/743"}],"wp:attachment":[{"href":"https:\/\/elsa-mainz.de\/index.php?rest_route=%2Fwp%2Fv2%2Fmedia&parent=755"}],"curies":[{"name":"wp","href":"https:\/\/api.w.org\/{rel}","templated":true}]}}